{"id":8,"date":"2023-10-20T11:43:23","date_gmt":"2023-10-20T11:43:23","guid":{"rendered":"https:\/\/wohngenossenschaft-rothenfluh.ch\/web\/?page_id=8"},"modified":"2024-10-15T07:18:25","modified_gmt":"2024-10-15T07:18:25","slug":"willkommen","status":"publish","type":"page","link":"https:\/\/wohngenossenschaft-rothenfluh.ch\/web\/","title":{"rendered":"Willkommen"},"content":{"rendered":"<p>Immer mehr Menschen wollen im Alter m\u00f6glichst lange selbst\u00e4ndig bleiben. Mit der zunehmenden Lebenserwartung nimmt die Pflegebed\u00fcrftigkeit jedoch zu. Zudem sind H\u00e4user und Wohnungen oft nicht altersgerecht gebaut.<\/p>\n<p>Die Wohngenossenschaft D\u00fcbach ist eine gemeinn\u00fctzige, politisch und konfessionell neutrale Genossenschaft.<\/p>\n<p>Sie wurde im Jahr 2019 gegr\u00fcndet um in der Gemeinde Rothenfluh g\u00fcnstigen Wohnraum f\u00fcr Menschen \u00fcber 60 Jahre zu realisieren.<\/p>\n<p>Im Neubau am D\u00fcbachweg werden 5 x 3 \u00bd und 2 x 2 \u00bd Zimmer Wohnungen vermietet. Im Sockelgeschoss befindet sich der <a href=\"https:\/\/chesi-rothenfluh.ch\" target=\"_blank\" rel=\"noopener\">Dorfladen Chesi<\/a><\/p>\n<style type=\"text\/css\">\n#foogallery-gallery-168 .fg-image { width: 150px; }\n#foogallery-gallery-168 { --fg-gutter: 10px; }<\/style>\n\t\t\t<div class=\"foogallery foogallery-container foogallery-default foogallery-lightbox-foogallery fg-center fg-default fg-ready fg-light fg-border-thin fg-shadow-outline fg-loading-default fg-loaded-fade-in fg-caption-hover fg-hover-fade fg-hover-zoom\" id=\"foogallery-gallery-168\" data-foogallery=\"{&quot;item&quot;:{&quot;showCaptionTitle&quot;:true,&quot;showCaptionDescription&quot;:true},&quot;lazy&quot;:true}\" data-foogallery-lightbox=\"{&quot;thumbs&quot;:&quot;bottom&quot;,&quot;thumbsCaptions&quot;:false,&quot;thumbsBestFit&quot;:false,&quot;thumbsSmall&quot;:false,&quot;thumbsCaptionsAlign&quot;:&quot;default&quot;,&quot;info&quot;:&quot;bottom&quot;,&quot;infoVisible&quot;:true,&quot;infoOverlay&quot;:true,&quot;infoAlign&quot;:&quot;default&quot;,&quot;transition&quot;:&quot;fade&quot;,&quot;hoverButtons&quot;:false,&quot;fitMedia&quot;:false,&quot;noScrollbars&quot;:true,&quot;preserveButtonSpace&quot;:true,&quot;buttons&quot;:{&quot;fullscreen&quot;:true,&quot;info&quot;:true,&quot;thumbs&quot;:false},&quot;video&quot;:{&quot;autoPlay&quot;:true}}\" >\n\t<div class=\"fg-item fg-type-image fg-idle\"><figure class=\"fg-item-inner\"><a href=\"https:\/\/wohngenossenschaft-rothenfluh.ch\/web\/wp-content\/uploads\/2024\/10\/DJI_0439-scaled.jpg\" data-caption-title=\"default\" data-attachment-id=\"169\" data-type=\"image\" class=\"fg-thumb\"><span class=\"fg-image-wrap\"><img decoding=\"async\" title=\"default\" width=\"150\" height=\"150\" class=\"skip-lazy fg-image\" data-src-fg=\"https:\/\/wohngenossenschaft-rothenfluh.ch\/web\/wp-content\/uploads\/cache\/2024\/10\/DJI_0439-scaled\/1514770375.jpg\" src=\"data:image\/svg+xml,%3Csvg%20xmlns%3D%22http%3A%2F%2Fwww.w3.org%2F2000%2Fsvg%22%20width%3D%22150%22%20height%3D%22150%22%20viewBox%3D%220%200%20150%20150%22%3E%3C%2Fsvg%3E\" loading=\"eager\"><\/span><span class=\"fg-image-overlay\"><\/span><\/a><figcaption class=\"fg-caption\"><div class=\"fg-caption-inner\"><div class=\"fg-caption-title\">default<\/div><\/div><\/figcaption><\/figure><div class=\"fg-loader\"><\/div><\/div><div class=\"fg-item fg-type-image fg-idle\"><figure class=\"fg-item-inner\"><a href=\"https:\/\/wohngenossenschaft-rothenfluh.ch\/web\/wp-content\/uploads\/2024\/10\/DJI_0430-scaled.jpg\" data-caption-title=\"default\" data-attachment-id=\"170\" data-type=\"image\" class=\"fg-thumb\"><span class=\"fg-image-wrap\"><img decoding=\"async\" title=\"default\" width=\"150\" height=\"150\" class=\"skip-lazy fg-image\" data-src-fg=\"https:\/\/wohngenossenschaft-rothenfluh.ch\/web\/wp-content\/uploads\/cache\/2024\/10\/DJI_0430-scaled\/1664084282.jpg\" src=\"data:image\/svg+xml,%3Csvg%20xmlns%3D%22http%3A%2F%2Fwww.w3.org%2F2000%2Fsvg%22%20width%3D%22150%22%20height%3D%22150%22%20viewBox%3D%220%200%20150%20150%22%3E%3C%2Fsvg%3E\" loading=\"eager\"><\/span><span class=\"fg-image-overlay\"><\/span><\/a><figcaption class=\"fg-caption\"><div class=\"fg-caption-inner\"><div class=\"fg-caption-title\">default<\/div><\/div><\/figcaption><\/figure><div class=\"fg-loader\"><\/div><\/div><div class=\"fg-item fg-type-image fg-idle\"><figure class=\"fg-item-inner\"><a href=\"https:\/\/wohngenossenschaft-rothenfluh.ch\/web\/wp-content\/uploads\/2024\/10\/DJI_0427-scaled.jpg\" data-caption-title=\"default\" data-attachment-id=\"171\" data-type=\"image\" class=\"fg-thumb\"><span class=\"fg-image-wrap\"><img decoding=\"async\" title=\"default\" width=\"150\" height=\"150\" class=\"skip-lazy fg-image\" data-src-fg=\"https:\/\/wohngenossenschaft-rothenfluh.ch\/web\/wp-content\/uploads\/cache\/2024\/10\/DJI_0427-scaled\/3253178819.jpg\" src=\"data:image\/svg+xml,%3Csvg%20xmlns%3D%22http%3A%2F%2Fwww.w3.org%2F2000%2Fsvg%22%20width%3D%22150%22%20height%3D%22150%22%20viewBox%3D%220%200%20150%20150%22%3E%3C%2Fsvg%3E\" loading=\"eager\"><\/span><span class=\"fg-image-overlay\"><\/span><\/a><figcaption class=\"fg-caption\"><div class=\"fg-caption-inner\"><div class=\"fg-caption-title\">default<\/div><\/div><\/figcaption><\/figure><div class=\"fg-loader\"><\/div><\/div><div class=\"fg-item fg-type-image fg-idle\"><figure class=\"fg-item-inner\"><a href=\"https:\/\/wohngenossenschaft-rothenfluh.ch\/web\/wp-content\/uploads\/2024\/10\/DJI_0428-scaled.jpg\" data-caption-title=\"default\" data-attachment-id=\"172\" data-type=\"image\" class=\"fg-thumb\"><span class=\"fg-image-wrap\"><img decoding=\"async\" title=\"default\" width=\"150\" height=\"150\" class=\"skip-lazy fg-image\" data-src-fg=\"https:\/\/wohngenossenschaft-rothenfluh.ch\/web\/wp-content\/uploads\/cache\/2024\/10\/DJI_0428-scaled\/4143742601.jpg\" src=\"data:image\/svg+xml,%3Csvg%20xmlns%3D%22http%3A%2F%2Fwww.w3.org%2F2000%2Fsvg%22%20width%3D%22150%22%20height%3D%22150%22%20viewBox%3D%220%200%20150%20150%22%3E%3C%2Fsvg%3E\" loading=\"eager\"><\/span><span class=\"fg-image-overlay\"><\/span><\/a><figcaption class=\"fg-caption\"><div class=\"fg-caption-inner\"><div class=\"fg-caption-title\">default<\/div><\/div><\/figcaption><\/figure><div class=\"fg-loader\"><\/div><\/div><\/div>\n\n","protected":false},"excerpt":{"rendered":"<p>Immer mehr Menschen wollen im Alter m\u00f6glichst lange selbst\u00e4ndig bleiben. Mit der zunehmenden Lebenserwartung nimmt die Pflegebed\u00fcrftigkeit jedoch zu. Zudem sind H\u00e4user und Wohnungen oft nicht altersgerecht gebaut. Die Wohngenossenschaft D\u00fcbach ist eine gemeinn\u00fctzige, politisch und konfessionell neutrale Genossenschaft. Sie wurde im Jahr 2019 gegr\u00fcndet um in der Gemeinde Rothenfluh g\u00fcnstigen Wohnraum f\u00fcr Menschen \u00fcber [&hellip;]<\/p>\n","protected":false},"author":1,"featured_media":0,"parent":0,"menu_order":0,"comment_status":"closed","ping_status":"closed","template":"","meta":{"ocean_post_layout":"","ocean_both_sidebars_style":"","ocean_both_sidebars_content_width":0,"ocean_both_sidebars_sidebars_width":0,"ocean_sidebar":"","ocean_second_sidebar":"","ocean_disable_margins":"enable","ocean_add_body_class":"","ocean_shortcode_before_top_bar":"","ocean_shortcode_after_top_bar":"","ocean_shortcode_before_header":"","ocean_shortcode_after_header":"","ocean_has_shortcode":"","ocean_shortcode_after_title":"","ocean_shortcode_before_footer_widgets":"","ocean_shortcode_after_footer_widgets":"","ocean_shortcode_before_footer_bottom":"","ocean_shortcode_after_footer_bottom":"","ocean_display_top_bar":"default","ocean_display_header":"default","ocean_header_style":"","ocean_center_header_left_menu":"","ocean_custom_header_template":"","ocean_custom_logo":0,"ocean_custom_retina_logo":0,"ocean_custom_logo_max_width":0,"ocean_custom_logo_tablet_max_width":0,"ocean_custom_logo_mobile_max_width":0,"ocean_custom_logo_max_height":0,"ocean_custom_logo_tablet_max_height":0,"ocean_custom_logo_mobile_max_height":0,"ocean_header_custom_menu":"","ocean_menu_typo_font_family":"","ocean_menu_typo_font_subset":"","ocean_menu_typo_font_size":0,"ocean_menu_typo_font_size_tablet":0,"ocean_menu_typo_font_size_mobile":0,"ocean_menu_typo_font_size_unit":"px","ocean_menu_typo_font_weight":"","ocean_menu_typo_font_weight_tablet":"","ocean_menu_typo_font_weight_mobile":"","ocean_menu_typo_transform":"","ocean_menu_typo_transform_tablet":"","ocean_menu_typo_transform_mobile":"","ocean_menu_typo_line_height":0,"ocean_menu_typo_line_height_tablet":0,"ocean_menu_typo_line_height_mobile":0,"ocean_menu_typo_line_height_unit":"","ocean_menu_typo_spacing":0,"ocean_menu_typo_spacing_tablet":0,"ocean_menu_typo_spacing_mobile":0,"ocean_menu_typo_spacing_unit":"","ocean_menu_link_color":"","ocean_menu_link_color_hover":"","ocean_menu_link_color_active":"","ocean_menu_link_background":"","ocean_menu_link_hover_background":"","ocean_menu_link_active_background":"","ocean_menu_social_links_bg":"","ocean_menu_social_hover_links_bg":"","ocean_menu_social_links_color":"","ocean_menu_social_hover_links_color":"","ocean_disable_title":"default","ocean_disable_heading":"default","ocean_post_title":"","ocean_post_subheading":"","ocean_post_title_style":"","ocean_post_title_background_color":"","ocean_post_title_background":0,"ocean_post_title_bg_image_position":"","ocean_post_title_bg_image_attachment":"","ocean_post_title_bg_image_repeat":"","ocean_post_title_bg_image_size":"","ocean_post_title_height":0,"ocean_post_title_bg_overlay":0.5,"ocean_post_title_bg_overlay_color":"","ocean_disable_breadcrumbs":"default","ocean_breadcrumbs_color":"","ocean_breadcrumbs_separator_color":"","ocean_breadcrumbs_links_color":"","ocean_breadcrumbs_links_hover_color":"","ocean_display_footer_widgets":"default","ocean_display_footer_bottom":"default","ocean_custom_footer_template":"","footnotes":""},"class_list":["post-8","page","type-page","status-publish","hentry","entry"],"_links":{"self":[{"href":"https:\/\/wohngenossenschaft-rothenfluh.ch\/web\/index.php?rest_route=\/wp\/v2\/pages\/8","targetHints":{"allow":["GET"]}}],"collection":[{"href":"https:\/\/wohngenossenschaft-rothenfluh.ch\/web\/index.php?rest_route=\/wp\/v2\/pages"}],"about":[{"href":"https:\/\/wohngenossenschaft-rothenfluh.ch\/web\/index.php?rest_route=\/wp\/v2\/types\/page"}],"author":[{"embeddable":true,"href":"https:\/\/wohngenossenschaft-rothenfluh.ch\/web\/index.php?rest_route=\/wp\/v2\/users\/1"}],"replies":[{"embeddable":true,"href":"https:\/\/wohngenossenschaft-rothenfluh.ch\/web\/index.php?rest_route=%2Fwp%2Fv2%2Fcomments&post=8"}],"version-history":[{"count":8,"href":"https:\/\/wohngenossenschaft-rothenfluh.ch\/web\/index.php?rest_route=\/wp\/v2\/pages\/8\/revisions"}],"predecessor-version":[{"id":174,"href":"https:\/\/wohngenossenschaft-rothenfluh.ch\/web\/index.php?rest_route=\/wp\/v2\/pages\/8\/revisions\/174"}],"wp:attachment":[{"href":"https:\/\/wohngenossenschaft-rothenfluh.ch\/web\/index.php?rest_route=%2Fwp%2Fv2%2Fmedia&parent=8"}],"curies":[{"name":"wp","href":"https:\/\/api.w.org\/{rel}","templated":true}]}}